{"id":39,"date":"2017-04-12T18:36:11","date_gmt":"2017-04-12T15:36:11","guid":{"rendered":"https:\/\/novanet.ro\/wp_test\/?page_id=39"},"modified":"2019-07-18T13:53:07","modified_gmt":"2019-07-18T10:53:07","slug":"abonamente-internet","status":"publish","type":"page","link":"https:\/\/novanet.ro\/index.php\/abonamente-internet\/","title":{"rendered":"Abonamente Internet"},"content":{"rendered":"<p>[vc_row][vc_column]<div class=\"porto-animation  pull-left\" data-appear-animation=\"bounceIn\">[vc_single_image source=&#8221;external_link&#8221; external_img_size=&#8221;200&#215;140&#8243; alignment=&#8221;center&#8221; el_class=&#8221;m-b-none&#8221; custom_src=&#8221;https:\/\/novanet.ro\/wp-content\/uploads\/2017\/04\/internet-1.jpg&#8221; label=&#8221;Internet de la Novanet&#8221;]<\/div>[vc_custom_heading text=&#8221;Internet de la Novanet&#8221; font_container=&#8221;tag:h4|text_align:left&#8221; use_theme_fonts=&#8221;yes&#8221;][vc_column_text]<\/p>\n<p>Astepti mult sa se incarce o pagina de internet? Intreruperi dese? Te deranjeaza?<\/p>\n<p>Cu Novanet aceste probleme dispar. Noi iti oferim internet de mare viteza prin fibra optica si o oferta pe care nu o poti refuza!<\/p>\n<p>Ofertele operatorilor sunt atractive prin vitezele mari \u015fi pre\u0163urile accesibile, \u00eens\u0103 serviciile suplimentare gratuite sau contra-cost pot \u00eenclina balan\u0163a \u00een favoarea unui furnizor sau altul.<\/p>\n<p><strong>De ce Internet de la Novanet?<\/strong><br \/>\nTrafic de mare viteza si cea mai avantajoasa oferta! Novanet iti aduce internet cu viteza de pana la 1000 Mb\/s si abonamente incepand de la 32 de Lei!<\/p>\n<p>Avem oferte avantajoaste atat pentru persoane fizice cat si pentru persoane juridice. Ele pot fi accesate oricand si ne puteti contacta pentru orice alte detalii<\/p>\n<p>[vc_row][vc_column][vc_custom_heading text=&#8221;&#8221; use_theme_fonts=&#8221;yes&#8221; el_class=&#8221;shorter&#8221;][vc_column_text][\/vc_column_text][vc_separator color=&#8221;custom&#8221; gap=&#8221;tall&#8221; gradient=&#8221;yes&#8221;][vc_custom_heading text=&#8221;&#8221; font_container=&#8221;tag:h4|text_align:left&#8221; use_theme_fonts=&#8221;yes&#8221;][\/vc_column][\/vc_row][vc_row][vc_column width=&#8221;1&#8243;][vc_tabs interval=&#8221;3&#8243;][vc_tab show_icon=&#8221;yes&#8221; title=&#8221;Persoane Fizice&#8221; tab_id=&#8221;1419265190-1-66&#8243; icon=&#8221;fa fa-hand-o-right&#8221;][vc_column_text]Persoane Fizice<\/p>\n<p>Serviciul este disponibil in localitatile Cumpana, Lazu, Agigea si Agigea Sanatoriu<\/p>\n<p>&#8211; Conexiunea se face prin tehnologia FTTN sau FTTB &#8211; cablu utp\/ftp sau fibra optica<\/p>\n<p>[vc_btn title=&#8221;Contract Cadru Persoane Fizice&#8221; skin=&#8221;primary&#8221; link=&#8221;url:\/resources\/draft_pf.doc&#8221;] [vc_btn title=&#8221;Detalii&#8221; skin=&#8221;primary&#8221;\u00a0 link=&#8221;url:?page_id=25&#8243;]<\/p>\n<p>[\/vc_column_text][\/vc_tab][vc_tab show_icon=&#8221;yes&#8221; title=&#8221;Persoane Juridice&#8221; tab_id=&#8221;1419265190-2-39&#8243; \u00a0icon=&#8221;fa fa-hand-o-right&#8221;][vc_column_text]Persoane Juridice<\/p>\n<p>Serviciul este disponibil in localitatile Cumpana, Lazu, Agigea si Agigea Sanatoriu<\/p>\n<p>&#8211; Conexiunea se face prin tehnologia FTTN sau FTTB &#8211; cablu utp\/ftp sau fibra optica<\/p>\n<p>[vc_btn title=&#8221;Contract Cadru Persoane Juridice&#8221; skin=&#8221;primary&#8221; link=&#8221;url:\/resources\/draft_pj.doc&#8221;] [vc_btn title=&#8221;Detalii&#8221; skin=&#8221;primary&#8221; link=&#8221;url:?page_id=84&#8243;]<\/p>\n<p>[\/vc_column_text][\/vc_tab][\/vc_tabs][\/vc_column][\/vc_row]<\/p>\n<p><strong>\u00a0<\/strong><\/p>\n","protected":false},"excerpt":{"rendered":"<p>[vc_row][vc_column][vc_custom_heading text=&#8221;Internet de la Novanet&#8221; font_container=&#8221;tag:h4|text_align:left&#8221; use_theme_fonts=&#8221;yes&#8221;][vc_column_text] Astepti mult sa se incarce o pagina de internet? Intreruperi dese? Te deranjeaza? Cu Novanet aceste probleme dispar. Noi iti oferim internet de mare viteza prin fibra optica si o oferta pe care nu o poti refuza! Ofertele operatorilor sunt atractive prin vitezele mari \u015fi pre\u0163urile accesibile, \u00eens\u0103 [&hellip;]<\/p>\n","protected":false},"author":1,"featured_media":0,"parent":0,"menu_order":0,"comment_status":"closed","ping_status":"closed","template":"","meta":{"footnotes":""},"class_list":["post-39","page","type-page","status-publish","hentry"],"_links":{"self":[{"href":"https:\/\/novanet.ro\/index.php\/wp-json\/wp\/v2\/pages\/39","targetHints":{"allow":["GET"]}}],"collection":[{"href":"https:\/\/novanet.ro\/index.php\/wp-json\/wp\/v2\/pages"}],"about":[{"href":"https:\/\/novanet.ro\/index.php\/wp-json\/wp\/v2\/types\/page"}],"author":[{"embeddable":true,"href":"https:\/\/novanet.ro\/index.php\/wp-json\/wp\/v2\/users\/1"}],"replies":[{"embeddable":true,"href":"https:\/\/novanet.ro\/index.php\/wp-json\/wp\/v2\/comments?post=39"}],"version-history":[{"count":1,"href":"https:\/\/novanet.ro\/index.php\/wp-json\/wp\/v2\/pages\/39\/revisions"}],"predecessor-version":[{"id":206,"href":"https:\/\/novanet.ro\/index.php\/wp-json\/wp\/v2\/pages\/39\/revisions\/206"}],"wp:attachment":[{"href":"https:\/\/novanet.ro\/index.php\/wp-json\/wp\/v2\/media?parent=39"}],"curies":[{"name":"wp","href":"https:\/\/api.w.org\/{rel}","templated":true}]}}